{"id":10,"date":"2022-09-13T16:33:32","date_gmt":"2022-09-13T14:33:32","guid":{"rendered":"http:\/\/turnverein-zell.de\/web\/?page_id=10"},"modified":"2024-04-22T20:46:42","modified_gmt":"2024-04-22T18:46:42","slug":"herzsport","status":"publish","type":"page","link":"http:\/\/turnverein-zell.de\/web\/herzsport\/","title":{"rendered":"Herzsport"},"content":{"rendered":"<div class=\"wp-block-image\">\n<figure class=\"aligncenter size-full\"><img loading=\"lazy\" decoding=\"async\" width=\"331\" height=\"156\" src=\"http:\/\/turnverein-zell.de\/web\/wp-content\/uploads\/2024\/02\/Zertifizierte-Herzgruppe-2.jpg\" alt=\"\" class=\"wp-image-332\" srcset=\"http:\/\/turnverein-zell.de\/web\/wp-content\/uploads\/2024\/02\/Zertifizierte-Herzgruppe-2.jpg 331w, http:\/\/turnverein-zell.de\/web\/wp-content\/uploads\/2024\/02\/Zertifizierte-Herzgruppe-2-300x141.jpg 300w\" sizes=\"auto, (max-width: 331px) 100vw, 331px\" \/><\/figure>\n<\/div>\n\n\n<p>Die Herzgruppe Zell besteht seit 1986 und hat etwa 35 Mitglieder. Es handelt sich um eine gemischte Gruppe, deren Teilnehmer durch differenzierte \u00dcbungen zu einer verbesserten Alltagsbelastbarkeit gelangen. Wirbels\u00e4ulengymnastik, dosiertes Krafttraining, Ausdauerschulung, Verbesserung der Koordination sind wesentliche Inhalte des \u00dcbungsbetriebs. Erste-Hilfe Ma\u00dfnahmen, Entspannungstraining und Ern\u00e4hrungsberatung erg\u00e4nzen den Gesundheitskatalog. \u00c4rzte bei der Betreuung sind erforderlich. Es sind dies: Notfallarzt J\u00fcrgen Adler, Dr. Volker Hammann, Dr. Michael Dederer, Prof. Reffelmann.<\/p>\n\n\n\n<p class=\"has-background-color has-vivid-red-background-color has-text-color has-background\">Montag 18.00 bis 19.00 Uhr<br><br><em><strong>in der IGS Turnhalle<\/strong><\/em><\/p>\n\n\n\n<h4 class=\"wp-block-heading\">Unsere Trainer<\/h4>\n\n\n\n<p><strong>Abteilungsleiter<\/strong> &#8211; Reiner G\u00f6derz &#8211; Tel. 06542-4741<\/p>\n\n\n\n<p><strong>\u00dcbungsleiterin<\/strong> &#8211; Anya Schrecke<\/p>\n\n\n\n<p><strong>\u00dcbungsleiterin<\/strong> &#8211; Dorothee Kranz<\/p>\n\n\n\n<h4 class=\"wp-block-heading\">Gallerie<\/h4>\n\n\n\n<figure class=\"wp-block-gallery has-nested-images columns-default is-cropped wp-block-gallery-1 is-layout-flex wp-block-gallery-is-layout-flex\">\n<figure class=\"wp-block-image size-large\"><img loading=\"lazy\" decoding=\"async\" width=\"446\" height=\"648\" data-id=\"47\" src=\"http:\/\/turnverein-zell.de\/web\/wp-content\/uploads\/2022\/09\/Zert_Herz_2021.jpg\" alt=\"\" class=\"wp-image-47\" srcset=\"http:\/\/turnverein-zell.de\/web\/wp-content\/uploads\/2022\/09\/Zert_Herz_2021.jpg 446w, http:\/\/turnverein-zell.de\/web\/wp-content\/uploads\/2022\/09\/Zert_Herz_2021-206x300.jpg 206w\" sizes=\"auto, (max-width: 446px) 100vw, 446px\" \/><\/figure>\n\n\n\n<figure class=\"wp-block-image size-large\"><img loading=\"lazy\" decoding=\"async\" width=\"800\" height=\"600\" data-id=\"51\" src=\"http:\/\/turnverein-zell.de\/web\/wp-content\/uploads\/2022\/09\/2016_30J_HG.jpg\" alt=\"\" class=\"wp-image-51\" srcset=\"http:\/\/turnverein-zell.de\/web\/wp-content\/uploads\/2022\/09\/2016_30J_HG.jpg 800w, http:\/\/turnverein-zell.de\/web\/wp-content\/uploads\/2022\/09\/2016_30J_HG-300x225.jpg 300w, http:\/\/turnverein-zell.de\/web\/wp-content\/uploads\/2022\/09\/2016_30J_HG-768x576.jpg 768w\" sizes=\"auto, (max-width: 767px) 89vw, (max-width: 1000px) 54vw, (max-width: 1071px) 543px, 580px\" \/><\/figure>\n\n\n\n<figure class=\"wp-block-image size-large\"><img loading=\"lazy\" decoding=\"async\" width=\"800\" height=\"447\" data-id=\"48\" src=\"http:\/\/turnverein-zell.de\/web\/wp-content\/uploads\/2022\/09\/2016-Ehrung.jpg\" alt=\"\" class=\"wp-image-48\" srcset=\"http:\/\/turnverein-zell.de\/web\/wp-content\/uploads\/2022\/09\/2016-Ehrung.jpg 800w, http:\/\/turnverein-zell.de\/web\/wp-content\/uploads\/2022\/09\/2016-Ehrung-300x168.jpg 300w, http:\/\/turnverein-zell.de\/web\/wp-content\/uploads\/2022\/09\/2016-Ehrung-768x429.jpg 768w\" sizes=\"auto, (max-width: 767px) 89vw, (max-width: 1000px) 54vw, (max-width: 1071px) 543px, 580px\" \/><\/figure>\n\n\n\n<figure class=\"wp-block-image size-large\"><img loading=\"lazy\" decoding=\"async\" width=\"800\" height=\"587\" data-id=\"49\" src=\"http:\/\/turnverein-zell.de\/web\/wp-content\/uploads\/2022\/09\/2017_WFeier_Jubilare.jpg\" alt=\"\" class=\"wp-image-49\" srcset=\"http:\/\/turnverein-zell.de\/web\/wp-content\/uploads\/2022\/09\/2017_WFeier_Jubilare.jpg 800w, http:\/\/turnverein-zell.de\/web\/wp-content\/uploads\/2022\/09\/2017_WFeier_Jubilare-300x220.jpg 300w, http:\/\/turnverein-zell.de\/web\/wp-content\/uploads\/2022\/09\/2017_WFeier_Jubilare-768x564.jpg 768w\" sizes=\"auto, (max-width: 767px) 89vw, (max-width: 1000px) 54vw, (max-width: 1071px) 543px, 580px\" \/><\/figure>\n\n\n\n<figure class=\"wp-block-image size-large\"><img loading=\"lazy\" decoding=\"async\" width=\"950\" height=\"880\" data-id=\"52\" src=\"http:\/\/turnverein-zell.de\/web\/wp-content\/uploads\/2022\/09\/rz_0520.jpg\" alt=\"\" class=\"wp-image-52\" srcset=\"http:\/\/turnverein-zell.de\/web\/wp-content\/uploads\/2022\/09\/rz_0520.jpg 950w, http:\/\/turnverein-zell.de\/web\/wp-content\/uploads\/2022\/09\/rz_0520-300x278.jpg 300w, http:\/\/turnverein-zell.de\/web\/wp-content\/uploads\/2022\/09\/rz_0520-768x711.jpg 768w\" sizes=\"auto, (max-width: 767px) 89vw, (max-width: 1000px) 54vw, (max-width: 1071px) 543px, 580px\" \/><\/figure>\n\n\n\n<figure class=\"wp-block-image size-large\"><img loading=\"lazy\" decoding=\"async\" width=\"800\" height=\"500\" data-id=\"50\" src=\"http:\/\/turnverein-zell.de\/web\/wp-content\/uploads\/2022\/09\/2020_Buffet.jpg\" alt=\"\" class=\"wp-image-50\" srcset=\"http:\/\/turnverein-zell.de\/web\/wp-content\/uploads\/2022\/09\/2020_Buffet.jpg 800w, http:\/\/turnverein-zell.de\/web\/wp-content\/uploads\/2022\/09\/2020_Buffet-300x188.jpg 300w, http:\/\/turnverein-zell.de\/web\/wp-content\/uploads\/2022\/09\/2020_Buffet-768x480.jpg 768w\" sizes=\"auto, (max-width: 767px) 89vw, (max-width: 1000px) 54vw, (max-width: 1071px) 543px, 580px\" \/><\/figure>\n\n\n\n<figure class=\"wp-block-image size-large\"><img loading=\"lazy\" decoding=\"async\" width=\"800\" height=\"389\" data-id=\"53\" src=\"http:\/\/turnverein-zell.de\/web\/wp-content\/uploads\/2022\/09\/2020_Herz_Volker_Maske.jpg\" alt=\"\" class=\"wp-image-53\" srcset=\"http:\/\/turnverein-zell.de\/web\/wp-content\/uploads\/2022\/09\/2020_Herz_Volker_Maske.jpg 800w, http:\/\/turnverein-zell.de\/web\/wp-content\/uploads\/2022\/09\/2020_Herz_Volker_Maske-300x146.jpg 300w, http:\/\/turnverein-zell.de\/web\/wp-content\/uploads\/2022\/09\/2020_Herz_Volker_Maske-768x373.jpg 768w\" sizes=\"auto, (max-width: 767px) 89vw, (max-width: 1000px) 54vw, (max-width: 1071px) 543px, 580px\" \/><\/figure>\n<\/figure>\n","protected":false},"excerpt":{"rendered":"<p>Die Herzgruppe Zell besteht seit 1986 und hat etwa 35 Mitglieder. Es handelt sich um eine gemischte Gruppe, deren Teilnehmer durch differenzierte \u00dcbungen zu einer verbesserten Alltagsbelastbarkeit gelangen. Wirbels\u00e4ulengymnastik, dosiertes Krafttraining, Ausdauerschulung, Verbesserung der Koordination sind wesentliche Inhalte des \u00dcbungsbetriebs. Erste-Hilfe Ma\u00dfnahmen, Entspannungstraining und Ern\u00e4hrungsberatung erg\u00e4nzen den Gesundheitskatalog. \u00c4rzte bei der Betreuung sind erforderlich. Es &hellip; <\/p>\n<p class=\"link-more\"><a href=\"http:\/\/turnverein-zell.de\/web\/herzsport\/\" class=\"more-link\"><span class=\"screen-reader-text\">\u201eHerzsport\u201c <\/span>weiterlesen<\/a><\/p>\n","protected":false},"author":1,"featured_media":0,"parent":0,"menu_order":0,"comment_status":"closed","ping_status":"closed","template":"","meta":{"footnotes":""},"class_list":["post-10","page","type-page","status-publish","hentry"],"_links":{"self":[{"href":"http:\/\/turnverein-zell.de\/web\/wp-json\/wp\/v2\/pages\/10","targetHints":{"allow":["GET"]}}],"collection":[{"href":"http:\/\/turnverein-zell.de\/web\/wp-json\/wp\/v2\/pages"}],"about":[{"href":"http:\/\/turnverein-zell.de\/web\/wp-json\/wp\/v2\/types\/page"}],"author":[{"embeddable":true,"href":"http:\/\/turnverein-zell.de\/web\/wp-json\/wp\/v2\/users\/1"}],"replies":[{"embeddable":true,"href":"http:\/\/turnverein-zell.de\/web\/wp-json\/wp\/v2\/comments?post=10"}],"version-history":[{"count":7,"href":"http:\/\/turnverein-zell.de\/web\/wp-json\/wp\/v2\/pages\/10\/revisions"}],"predecessor-version":[{"id":371,"href":"http:\/\/turnverein-zell.de\/web\/wp-json\/wp\/v2\/pages\/10\/revisions\/371"}],"wp:attachment":[{"href":"http:\/\/turnverein-zell.de\/web\/wp-json\/wp\/v2\/media?parent=10"}],"curies":[{"name":"wp","href":"https:\/\/api.w.org\/{rel}","templated":true}]}}