{"id":14,"date":"2022-09-13T16:34:03","date_gmt":"2022-09-13T14:34:03","guid":{"rendered":"http:\/\/turnverein-zell.de\/web\/?page_id=14"},"modified":"2023-09-05T14:49:56","modified_gmt":"2023-09-05T12:49:56","slug":"turnen","status":"publish","type":"page","link":"http:\/\/turnverein-zell.de\/web\/turnen\/","title":{"rendered":"Turnen"},"content":{"rendered":"\r\n<p>Der Turnverein Zell\/Mosel bietet Turnm\u00f6glichkeiten f\u00fcr Teilnehmer jeden Alters, denn zum Turnen kann man weder zu alt noch zu jung sein!<\/p>\r\n\r\n\r\n\r\n<p><a href=\"http:\/\/turnverein-zell.de\/web\/wirbelsaeulen-gymnastik\/\" data-type=\"page\" data-id=\"16\">Wirbels\u00e4ulen Gymnastik<\/a><\/p>\r\n\r\n\r\n\r\n<p><a href=\"http:\/\/turnverein-zell.de\/web\/Frauengymnastik\/\" data-type=\"page\" data-id=\"18\">Frauengymnastik<\/a><\/p>\r\n\r\n\r\n\r\n<p><a href=\"http:\/\/turnverein-zell.de\/web\/Kinderturnen\/\" data-type=\"page\" data-id=\"20\">Kinderturnen<\/a><\/p>\r\n\r\n\r\n\r\n<p><a href=\"http:\/\/turnverein-zell.de\/web\/eltern-kind\/\" data-type=\"page\" data-id=\"22\">Eltern-Kind<\/a><\/p>\r\n","protected":false},"excerpt":{"rendered":"<p>Der Turnverein Zell\/Mosel bietet Turnm\u00f6glichkeiten f\u00fcr Teilnehmer jeden Alters, denn zum Turnen kann man weder zu alt noch zu jung sein! Wirbels\u00e4ulen Gymnastik Frauengymnastik Kinderturnen Eltern-Kind<\/p>\n","protected":false},"author":1,"featured_media":0,"parent":0,"menu_order":0,"comment_status":"closed","ping_status":"closed","template":"","meta":{"footnotes":""},"class_list":["post-14","page","type-page","status-publish","hentry"],"_links":{"self":[{"href":"http:\/\/turnverein-zell.de\/web\/wp-json\/wp\/v2\/pages\/14","targetHints":{"allow":["GET"]}}],"collection":[{"href":"http:\/\/turnverein-zell.de\/web\/wp-json\/wp\/v2\/pages"}],"about":[{"href":"http:\/\/turnverein-zell.de\/web\/wp-json\/wp\/v2\/types\/page"}],"author":[{"embeddable":true,"href":"http:\/\/turnverein-zell.de\/web\/wp-json\/wp\/v2\/users\/1"}],"replies":[{"embeddable":true,"href":"http:\/\/turnverein-zell.de\/web\/wp-json\/wp\/v2\/comments?post=14"}],"version-history":[{"count":3,"href":"http:\/\/turnverein-zell.de\/web\/wp-json\/wp\/v2\/pages\/14\/revisions"}],"predecessor-version":[{"id":235,"href":"http:\/\/turnverein-zell.de\/web\/wp-json\/wp\/v2\/pages\/14\/revisions\/235"}],"wp:attachment":[{"href":"http:\/\/turnverein-zell.de\/web\/wp-json\/wp\/v2\/media?parent=14"}],"curies":[{"name":"wp","href":"https:\/\/api.w.org\/{rel}","templated":true}]}}