{"id":26,"date":"2022-09-13T16:37:32","date_gmt":"2022-09-13T14:37:32","guid":{"rendered":"http:\/\/turnverein-zell.de\/web\/?page_id=26"},"modified":"2023-09-05T14:40:35","modified_gmt":"2023-09-05T12:40:35","slug":"nordic-aktiv","status":"publish","type":"page","link":"http:\/\/turnverein-zell.de\/web\/nordic-aktiv\/","title":{"rendered":"Nordic Aktiv"},"content":{"rendered":"\n<p class=\"has-white-color has-vivid-red-background-color has-text-color has-background\">Mittwochs &#8211; 18:00 bis 20:00 Uhr<br><strong><em>an dem Sportplatz Kaimt<\/em><\/strong><br><\/p>\n\n\n\n<p class=\"has-white-color has-vivid-red-background-color has-text-color has-background\">Ansprechpartner Reiner G\u00f6derz: Tel.: 06542 4741<\/p>\n\n\n\n<p><strong>Kurse<\/strong> &#8211; Die Nordic Walking Kurse des Turnvereins Zell (Mosel) stehen G\u00e4sten und B\u00fcrgern jeden Alters offen, die aus Spa\u00df an der Bewegung oder ihrer Gesundheit wegen, die korrekte Nordic Walking Technik erlernen m\u00f6chten. Zum Programm geh\u00f6ren neben Tipps zur Kr\u00e4ftigung und Koordination auch Hinweise zur Entspannung und zum Material.<\/p>\n\n\n\n<p><strong>Gesundheitskurse<\/strong> &#8211; Diese Kurse sind mit dem G\u00fctesiegel\u201eSport pro Gesund- heit\u201c ausgezeichnet. Sie beugen Herz-Kreislauf- und R\u00fcckenproblemen durch gezielte Bewegung vor und werden auf Anfrage von den gesetzlichen Krankenkassen mit bis zu 80% der Kosten gef\u00f6rdert.<\/p>\n\n\n\n<p><strong>Der Nordic Walking Treff<\/strong> &#8211; Treffpunkt ist der Parkplatz am Sportplatz an jedem Mittwoch. An der gro\u00dfen Starttafel beginnt das zweist\u00fcndige Programm unter fachkundiger Anleitung eines Nordic Walking Trainers inmitten herrlicher Weinberge. Die Startzeiten variieren je nach der Jahreszeit. Neben der Vermittlung der richtigen Technik steht der Spa\u00df in der Gruppe im Vordergrund.<\/p>\n\n\n\n<p><strong>Das neue DSV Nordic Aktiv Walking Zentrum<\/strong> &#8211; ist das erste seiner Art an der Mosel und wurde am 8. Mai 2013 er\u00f6ffnet. Es bietet vier Nordic Walking- und eine Nordic Blading Strecke. Die Deutsche Sporthochschule K\u00f6ln (DSHS) hat in Kooperation mit dem Deutschen Skiverband (DSV), dem Turnverein Zell, der Zeller Land Tourismus GmbH und der Stadt Zell (Mosel) insgesamt 33,4 Streckenki- lometer vermessen und nach h\u00f6chsten Umweltstandards zertifiziert. So kommen alle Fitnesstypen in den Schwierigkeitsgraden leicht, mittel und schwer auf ihre Kosten. Ausf\u00fchrliche Tafeln geben Gesundheitstipps und Hinweise zum Streckenverlauf.<\/p>\n\n\n\n<h4 class=\"wp-block-heading\">Die aktuellen Lizenzurkunden und Zertifikate der Nordic-Walking-Trainer des TV Zell\/Mosel<\/h4>\n\n\n\n<figure class=\"wp-block-gallery has-nested-images columns-default is-cropped wp-block-gallery-1 is-layout-flex wp-block-gallery-is-layout-flex\">\n<figure class=\"wp-block-image size-large\"><img loading=\"lazy\" decoding=\"async\" width=\"651\" height=\"1024\" data-id=\"91\" src=\"http:\/\/turnverein-zell.de\/web\/wp-content\/uploads\/2022\/09\/Zertifikat_Reiner2024-651x1024.jpg\" alt=\"\" class=\"wp-image-91\" srcset=\"http:\/\/turnverein-zell.de\/web\/wp-content\/uploads\/2022\/09\/Zertifikat_Reiner2024-651x1024.jpg 651w, http:\/\/turnverein-zell.de\/web\/wp-content\/uploads\/2022\/09\/Zertifikat_Reiner2024-191x300.jpg 191w, http:\/\/turnverein-zell.de\/web\/wp-content\/uploads\/2022\/09\/Zertifikat_Reiner2024.jpg 703w\" sizes=\"auto, (max-width: 651px) 100vw, 651px\" \/><\/figure>\n\n\n\n<figure class=\"wp-block-image size-large\"><img loading=\"lazy\" decoding=\"async\" width=\"692\" height=\"989\" data-id=\"95\" src=\"http:\/\/turnverein-zell.de\/web\/wp-content\/uploads\/2022\/09\/Zertifikat_Joerg2021.jpg\" alt=\"\" class=\"wp-image-95\" srcset=\"http:\/\/turnverein-zell.de\/web\/wp-content\/uploads\/2022\/09\/Zertifikat_Joerg2021.jpg 692w, http:\/\/turnverein-zell.de\/web\/wp-content\/uploads\/2022\/09\/Zertifikat_Joerg2021-210x300.jpg 210w\" sizes=\"auto, (max-width: 692px) 100vw, 692px\" \/><\/figure>\n\n\n\n<figure class=\"wp-block-image size-large\"><img loading=\"lazy\" decoding=\"async\" width=\"704\" height=\"982\" data-id=\"92\" src=\"http:\/\/turnverein-zell.de\/web\/wp-content\/uploads\/2022\/09\/Urkunde_Monika2024.jpg\" alt=\"\" class=\"wp-image-92\" srcset=\"http:\/\/turnverein-zell.de\/web\/wp-content\/uploads\/2022\/09\/Urkunde_Monika2024.jpg 704w, http:\/\/turnverein-zell.de\/web\/wp-content\/uploads\/2022\/09\/Urkunde_Monika2024-215x300.jpg 215w\" sizes=\"auto, (max-width: 704px) 100vw, 704px\" \/><\/figure>\n\n\n\n<figure class=\"wp-block-image size-large\"><img loading=\"lazy\" decoding=\"async\" width=\"701\" height=\"1001\" data-id=\"93\" src=\"http:\/\/turnverein-zell.de\/web\/wp-content\/uploads\/2022\/09\/Urkunde_Reiner2024.jpg\" alt=\"\" class=\"wp-image-93\" srcset=\"http:\/\/turnverein-zell.de\/web\/wp-content\/uploads\/2022\/09\/Urkunde_Reiner2024.jpg 701w, http:\/\/turnverein-zell.de\/web\/wp-content\/uploads\/2022\/09\/Urkunde_Reiner2024-210x300.jpg 210w\" sizes=\"auto, (max-width: 701px) 100vw, 701px\" \/><\/figure>\n\n\n\n<figure class=\"wp-block-image size-large\"><img loading=\"lazy\" decoding=\"async\" width=\"719\" height=\"1006\" data-id=\"94\" src=\"http:\/\/turnverein-zell.de\/web\/wp-content\/uploads\/2022\/09\/Urkunde_Joerg2021.jpg\" alt=\"\" class=\"wp-image-94\" srcset=\"http:\/\/turnverein-zell.de\/web\/wp-content\/uploads\/2022\/09\/Urkunde_Joerg2021.jpg 719w, http:\/\/turnverein-zell.de\/web\/wp-content\/uploads\/2022\/09\/Urkunde_Joerg2021-214x300.jpg 214w\" sizes=\"auto, (max-width: 719px) 100vw, 719px\" \/><\/figure>\n<\/figure>\n\n\n\n<h4 class=\"wp-block-heading\">Die aktuellen Lizenzurkunden und Zertifikate des TV Zell\/Mosel &#8222;Pr\u00e4ventives Gesundheitstraining f\u00fcr Kinder&#8220;<\/h4>\n\n\n\n<figure class=\"wp-block-gallery has-nested-images columns-default is-cropped wp-block-gallery-2 is-layout-flex wp-block-gallery-is-layout-flex\">\n<figure class=\"wp-block-image size-large\"><img loading=\"lazy\" decoding=\"async\" width=\"607\" height=\"1024\" data-id=\"97\" src=\"http:\/\/turnverein-zell.de\/web\/wp-content\/uploads\/2022\/09\/Zertifikat_Reiner2021Ki-607x1024.jpg\" alt=\"\" class=\"wp-image-97\" srcset=\"http:\/\/turnverein-zell.de\/web\/wp-content\/uploads\/2022\/09\/Zertifikat_Reiner2021Ki-607x1024.jpg 607w, http:\/\/turnverein-zell.de\/web\/wp-content\/uploads\/2022\/09\/Zertifikat_Reiner2021Ki-178x300.jpg 178w, http:\/\/turnverein-zell.de\/web\/wp-content\/uploads\/2022\/09\/Zertifikat_Reiner2021Ki.jpg 718w\" sizes=\"auto, (max-width: 607px) 100vw, 607px\" \/><\/figure>\n\n\n\n<figure class=\"wp-block-image size-large\"><img loading=\"lazy\" decoding=\"async\" width=\"709\" height=\"1024\" data-id=\"96\" src=\"http:\/\/turnverein-zell.de\/web\/wp-content\/uploads\/2022\/09\/Urkunde_Reiner2021Ki-709x1024.jpg\" alt=\"\" class=\"wp-image-96\" srcset=\"http:\/\/turnverein-zell.de\/web\/wp-content\/uploads\/2022\/09\/Urkunde_Reiner2021Ki-709x1024.jpg 709w, http:\/\/turnverein-zell.de\/web\/wp-content\/uploads\/2022\/09\/Urkunde_Reiner2021Ki-208x300.jpg 208w, http:\/\/turnverein-zell.de\/web\/wp-content\/uploads\/2022\/09\/Urkunde_Reiner2021Ki.jpg 719w\" sizes=\"auto, (max-width: 709px) 100vw, 709px\" \/><\/figure>\n<\/figure>\n","protected":false},"excerpt":{"rendered":"<p>Mittwochs &#8211; 18:00 bis 20:00 Uhran dem Sportplatz Kaimt Ansprechpartner Reiner G\u00f6derz: Tel.: 06542 4741 Kurse &#8211; Die Nordic Walking Kurse des Turnvereins Zell (Mosel) stehen G\u00e4sten und B\u00fcrgern jeden Alters offen, die aus Spa\u00df an der Bewegung oder ihrer Gesundheit wegen, die korrekte Nordic Walking Technik erlernen m\u00f6chten. Zum Programm geh\u00f6ren neben Tipps zur &hellip; <\/p>\n<p class=\"link-more\"><a href=\"http:\/\/turnverein-zell.de\/web\/nordic-aktiv\/\" class=\"more-link\"><span class=\"screen-reader-text\">\u201eNordic Aktiv\u201c <\/span>weiterlesen<\/a><\/p>\n","protected":false},"author":1,"featured_media":0,"parent":0,"menu_order":0,"comment_status":"closed","ping_status":"closed","template":"","meta":{"footnotes":""},"class_list":["post-26","page","type-page","status-publish","hentry"],"_links":{"self":[{"href":"http:\/\/turnverein-zell.de\/web\/wp-json\/wp\/v2\/pages\/26","targetHints":{"allow":["GET"]}}],"collection":[{"href":"http:\/\/turnverein-zell.de\/web\/wp-json\/wp\/v2\/pages"}],"about":[{"href":"http:\/\/turnverein-zell.de\/web\/wp-json\/wp\/v2\/types\/page"}],"author":[{"embeddable":true,"href":"http:\/\/turnverein-zell.de\/web\/wp-json\/wp\/v2\/users\/1"}],"replies":[{"embeddable":true,"href":"http:\/\/turnverein-zell.de\/web\/wp-json\/wp\/v2\/comments?post=26"}],"version-history":[{"count":3,"href":"http:\/\/turnverein-zell.de\/web\/wp-json\/wp\/v2\/pages\/26\/revisions"}],"predecessor-version":[{"id":229,"href":"http:\/\/turnverein-zell.de\/web\/wp-json\/wp\/v2\/pages\/26\/revisions\/229"}],"wp:attachment":[{"href":"http:\/\/turnverein-zell.de\/web\/wp-json\/wp\/v2\/media?parent=26"}],"curies":[{"name":"wp","href":"https:\/\/api.w.org\/{rel}","templated":true}]}}